{"id":6211,"date":"2022-11-09T08:49:40","date_gmt":"2022-11-09T08:49:40","guid":{"rendered":"https:\/\/ny.concilium.no\/index.php\/radgivningens-hjem\/"},"modified":"2025-01-19T13:33:30","modified_gmt":"2025-01-19T13:33:30","slug":"vedtakoganbud","status":"publish","type":"page","link":"https:\/\/ny.concilium.no\/index.php\/vedtakoganbud\/","title":{"rendered":"Vedtak og Anbud"},"content":{"rendered":"\t\t<div data-elementor-type=\"wp-page\" data-elementor-id=\"6211\" class=\"elementor elementor-6211\">\n\t\t\t\t\t\t<section class=\"elementor-section elementor-top-section elementor-element elementor-element-e0fb767 elementor-section-full_width elementor-section-height-default elementor-section-height-default\" data-id=\"e0fb767\" data-element_type=\"section\">\n\t\t\t\t\t\t<div class=\"elementor-container elementor-column-gap-default\">\n\t\t\t\t\t<div class=\"elementor-column elementor-col-100 elementor-top-column elementor-element elementor-element-c28451e\" data-id=\"c28451e\" data-element_type=\"column\">\n\t\t\t<div class=\"elementor-widget-wrap elementor-element-populated\">\n\t\t\t\t\t\t<div class=\"elementor-element elementor-element-f9fe46e elementor-widget elementor-widget-slider_revolution\" data-id=\"f9fe46e\" data-element_type=\"widget\" data-widget_type=\"slider_revolution.default\">\n\t\t\t\t<div class=\"elementor-widget-container\">\n\t\t\t\r\n\t\t<div class=\"wp-block-themepunch-revslider\">\n\t\t\t<!-- START Counseling Home REVOLUTION SLIDER 6.6.10 --><p class=\"rs-p-wp-fix\"><\/p>\n\t\t\t<rs-module-wrap id=\"rev_slider_4_1_wrapper\" data-source=\"gallery\" style=\"visibility:hidden;background:transparent;padding:0;margin:0px auto;margin-top:0;margin-bottom:0;\">\n\t\t\t\t<rs-module id=\"rev_slider_4_1\" style=\"\" data-version=\"6.6.10\">\n\t\t\t\t\t<rs-slides style=\"overflow: hidden; position: absolute;\">\n\t\t\t\t\t\t<rs-slide style=\"position: absolute;\" data-key=\"rs-10\" data-title=\"Slide\" data-in=\"o:0;\" data-out=\"a:false;\">\n\t\t\t\t\t\t\t<img fetchpriority=\"high\" decoding=\"async\" src=\"\/\/ny.concilium.no\/wp-content\/plugins\/revslider\/public\/assets\/assets\/dummy.png\" alt=\"\" title=\"Screenshot\" width=\"2163\" height=\"1434\" class=\"rev-slidebg tp-rs-img rs-lazyload\" data-lazyload=\"\/\/ny.concilium.no\/wp-content\/uploads\/2024\/12\/Screenshot-2024-12-10-at-19.58.47-1-scaled-e1733857718251.jpg\" data-panzoom=\"d:10000;ss:100;se:120%;\" data-no-retina>\n<!--\n\t\t\t\t\t\t\t--><rs-layer\n\t\t\t\t\t\t\t\tid=\"slider-4-slide-10-layer-0\" \n\t\t\t\t\t\t\t\tdata-type=\"text\"\n\t\t\t\t\t\t\t\tdata-xy=\"xo:90px,94px,94px,20px;y:b;yo:270px,253px,246px,253px;\"\n\t\t\t\t\t\t\t\tdata-text=\"w:normal;s:11;ls:7px;fw:700;\"\n\t\t\t\t\t\t\t\tdata-basealign=\"slide\"\n\t\t\t\t\t\t\t\tdata-rsp_o=\"off\"\n\t\t\t\t\t\t\t\tdata-rsp_bd=\"off\"\n\t\t\t\t\t\t\t\tdata-frame_0=\"y:50;\"\n\t\t\t\t\t\t\t\tdata-frame_1=\"e:slow;st:50;sp:800;\"\n\t\t\t\t\t\t\t\tdata-frame_999=\"o:0;st:w;\"\n\t\t\t\t\t\t\t\tstyle=\"z-index:6;font-family:'Lato';text-transform:uppercase;\"\n\t\t\t\t\t\t\t>Tjenester \n\t\t\t\t\t\t\t<\/rs-layer><!--\n\n\t\t\t\t\t\t\t--><rs-layer\n\t\t\t\t\t\t\t\tid=\"slider-4-slide-10-layer-1\" \n\t\t\t\t\t\t\t\tdata-type=\"text\"\n\t\t\t\t\t\t\t\tdata-xy=\"xo:90px,90px,90px,20px;y:b;yo:173px,157px,157px,164px;\"\n\t\t\t\t\t\t\t\tdata-text=\"w:normal;s:90,80,60,40;l:80,80,80,40;\"\n\t\t\t\t\t\t\t\tdata-dim=\"w:auto,auto,auto,275px;\"\n\t\t\t\t\t\t\t\tdata-basealign=\"slide\"\n\t\t\t\t\t\t\t\tdata-rsp_o=\"off\"\n\t\t\t\t\t\t\t\tdata-rsp_bd=\"off\"\n\t\t\t\t\t\t\t\tdata-frame_0=\"y:50;\"\n\t\t\t\t\t\t\t\tdata-frame_1=\"e:slow;st:150;sp:800;\"\n\t\t\t\t\t\t\t\tdata-frame_999=\"o:0;st:w;\"\n\t\t\t\t\t\t\t\tstyle=\"z-index:7;font-family:'Marcellus';\"\n\t\t\t\t\t\t\t>Vedtak og Anbud \n\t\t\t\t\t\t\t<\/rs-layer><!--\n-->\t\t\t\t\t\t<\/rs-slide>\n\t\t\t\t\t<\/rs-slides>\n\t\t\t\t<\/rs-module>\n\t\t\t\t<script>\n\t\t\t\t\tsetREVStartSize({c: 'rev_slider_4_1',rl:[1240,1024,778,480],el:[860,444,646,720],gw:[1300,1000,778,480],gh:[860,444,646,720],type:'standard',justify:'',layout:'fullwidth',mh:\"0\"});if (window.RS_MODULES!==undefined && window.RS_MODULES.modules!==undefined && window.RS_MODULES.modules[\"revslider41\"]!==undefined) {window.RS_MODULES.modules[\"revslider41\"].once = false;window.revapi4 = undefined;if (window.RS_MODULES.checkMinimal!==undefined) window.RS_MODULES.checkMinimal()}\n\t\t\t\t<\/script>\n\t\t\t<\/rs-module-wrap>\n\t\t\t<!-- END REVOLUTION SLIDER -->\n<\/div>\r\n\r\n\t\t\t\t<\/div>\n\t\t\t\t<\/div>\n\t\t\t\t\t<\/div>\n\t\t<\/div>\n\t\t\t\t\t<\/div>\n\t\t<\/section>\n\t\t\t\t<section class=\"elementor-section elementor-top-section elementor-element elementor-element-e0e719d elementor-section-full_width qodef-elementor-content-grid elementor-section-height-default elementor-section-height-default\" data-id=\"e0e719d\" data-element_type=\"section\">\n\t\t\t\t\t\t<div class=\"elementor-container elementor-column-gap-default\">\n\t\t\t\t\t<div class=\"elementor-column elementor-col-50 elementor-top-column elementor-element elementor-element-dec5158\" data-id=\"dec5158\" data-element_type=\"column\">\n\t\t\t<div class=\"elementor-widget-wrap elementor-element-populated\">\n\t\t\t\t\t\t<div class=\"elementor-element elementor-element-36c7d25 elementor-widget elementor-widget-wellmont_core_section_title\" data-id=\"36c7d25\" data-element_type=\"widget\" data-widget_type=\"wellmont_core_section_title.default\">\n\t\t\t\t<div class=\"elementor-widget-container\">\n\t\t\t<div class=\"qodef-shortcode qodef-m  qodef-section-title qodef-alignment--left \">\n\t\t<div class=\"qodef-m-supertitle\" >\n\t\t<h6 class=\"qodef-m-supertitle-text\">Tjenester<\/h6>\n\t<\/div>\n\t\t<h2 class=\"qodef-m-title\" >\n\t\t\t\t\tVedtak og Anbud\t\t\t<\/h2>\n\t\t\t<p class=\"qodef-m-text\" >Det \u00e5 utforme et anbud kan v\u00e6re en tidkrevende prosess som krever spisskompetanse for \u00e5 kvalifisere inn i en anbudsprosess.\n\nVi har erfaring med utforming av anbud for private akt\u00f8rer inn i anbudkonkurranser for offentlig anskaffelse innen barnevern og helsesektoren.\n\nVi tilbyr bistand med utforming av b\u00e5de anbudsprosesser og vedtaks utforming.\n\nKontakt oss gjerne for en uforpliktet prat.\n\nFor n\u00e6rmere foresp\u00f8rsel kontakt oss p\u00e5 post@concilium.no\n<\/p>\n<\/div>\n\t\t<\/div>\n\t\t\t\t<\/div>\n\t\t\t\t\t<\/div>\n\t\t<\/div>\n\t\t\t\t<div class=\"elementor-column elementor-col-50 elementor-top-column elementor-element elementor-element-c634a7d\" data-id=\"c634a7d\" data-element_type=\"column\">\n\t\t\t<div class=\"elementor-widget-wrap elementor-element-populated\">\n\t\t\t\t\t\t<section class=\"elementor-section elementor-inner-section elementor-element elementor-element-6009e56 elementor-section-full_width elementor-section-height-default elementor-section-height-default\" data-id=\"6009e56\" data-element_type=\"section\">\n\t\t\t\t\t\t<div class=\"elementor-container elementor-column-gap-default\">\n\t\t\t\t\t<div class=\"elementor-column elementor-col-100 elementor-inner-column elementor-element elementor-element-f8c22d8\" data-id=\"f8c22d8\" data-element_type=\"column\">\n\t\t\t<div class=\"elementor-widget-wrap elementor-element-populated\">\n\t\t\t\t\t\t<div class=\"elementor-element elementor-element-dc44302 elementor-widget elementor-widget-wellmont_core_section_title\" data-id=\"dc44302\" data-element_type=\"widget\" data-widget_type=\"wellmont_core_section_title.default\">\n\t\t\t\t<div class=\"elementor-widget-container\">\n\t\t\t<div class=\"qodef-shortcode qodef-m  qodef-section-title qodef-alignment--left qodef-title-break--disabled\">\n\t\t\t<h2 class=\"qodef-m-title\" >\n\t\t\t\t\tKontakt oss\t\t\t<\/h2>\n\t\t<\/div>\n\t\t<\/div>\n\t\t\t\t<\/div>\n\t\t\t\t<section class=\"elementor-section elementor-inner-section elementor-element elementor-element-61e6be8 elementor-section-full_width elementor-section-height-default elementor-section-height-default\" data-id=\"61e6be8\" data-element_type=\"section\">\n\t\t\t\t\t\t<div class=\"elementor-container elementor-column-gap-default\">\n\t\t\t\t\t<div class=\"elementor-column elementor-col-50 elementor-inner-column elementor-element elementor-element-d4eea4d\" data-id=\"d4eea4d\" data-element_type=\"column\">\n\t\t\t<div class=\"elementor-widget-wrap elementor-element-populated\">\n\t\t\t\t\t\t<div class=\"elementor-element elementor-element-525fabc elementor-widget elementor-widget-text-editor\" data-id=\"525fabc\" data-element_type=\"widget\" data-widget_type=\"text-editor.default\">\n\t\t\t\t<div class=\"elementor-widget-container\">\n\t\t\t\t\t\t\t<h5><strong>Nj\u00e5l Myrseth Knausg\u00e5rd<br \/>Dagligleder<\/strong><\/h5><p><strong>Telefon:<\/strong> <a href=\"tel:47924409\">479 24 409<\/a><br \/><strong>E-post:<\/strong> <a href=\"mailto:njal@concilium.no\">njal@concilium.no<\/a><\/p><p><strong>Adresse: <a href=\"https:\/\/maps.app.goo.gl\/fsEJ7TwRxVkFCYB9A\" target=\"_blank\" rel=\"noopener\">Valhallavegen 10, Gardermoen<\/a><\/strong><\/p>\t\t\t\t\t\t<\/div>\n\t\t\t\t<\/div>\n\t\t\t\t<div class=\"elementor-element elementor-element-d865f2b elementor-widget elementor-widget-text-editor\" data-id=\"d865f2b\" data-element_type=\"widget\" data-widget_type=\"text-editor.default\">\n\t\t\t\t<div class=\"elementor-widget-container\">\n\t\t\t\t\t\t\t<h5><strong>Steven Andreas Hill<br \/>Fagligansvarlig<\/strong><\/h5><p><strong>Telefon:<\/strong> <a href=\"tel:99722272\">997 22 272<\/a><br \/><strong>E-post:<\/strong> <a href=\"mailto:steven@concilium.no\">steven@concilium.no<\/a><\/p><p><strong>Adresse: <a href=\"https:\/\/maps.app.goo.gl\/fsEJ7TwRxVkFCYB9A\" target=\"_blank\" rel=\"noopener\">Valhallavegen 10, Gardermoen<\/a><\/strong><\/p>\t\t\t\t\t\t<\/div>\n\t\t\t\t<\/div>\n\t\t\t\t\t<\/div>\n\t\t<\/div>\n\t\t\t\t<div class=\"elementor-column elementor-col-50 elementor-inner-column elementor-element elementor-element-6af621c\" data-id=\"6af621c\" data-element_type=\"column\">\n\t\t\t<div class=\"elementor-widget-wrap elementor-element-populated\">\n\t\t\t\t\t\t<div class=\"elementor-element elementor-element-ea0ec6b elementor-widget elementor-widget-wellmont_core_working_hours_list\" data-id=\"ea0ec6b\" data-element_type=\"widget\" data-widget_type=\"wellmont_core_working_hours_list.default\">\n\t\t\t\t<div class=\"elementor-widget-container\">\n\t\t\t<div class=\"qodef-shortcode qodef-m  qodef-working-hours-list  qodef-item-skin--default\">\n\t\t\t\t\t\t\n\t\t\t<div class=\"qodef-working-hours-item qodef-e\">\n\t\t\t\t\t\t\t\t\t<p class=\"qodef-e-day\">Monday:\n\t\t\t\t\t\t\t\t\t\t\t<\/p>\n\t\t\t\t\t\t\t\t<div class=\"qodef-e-line\"><\/div>\n\t\t\t\t\t\t\t\t\t<p class=\"qodef-e-time\">08:00 \u2013 20:00<\/p>\n\t\t\t\t\t\t\t<\/div>\n\t\t\t\t\t\t\t\t\n\t\t\t<div class=\"qodef-working-hours-item qodef-e\">\n\t\t\t\t\t\t\t\t\t<p class=\"qodef-e-day\">Tuesday:\n\t\t\t\t\t\t\t\t\t\t\t<\/p>\n\t\t\t\t\t\t\t\t<div class=\"qodef-e-line\"><\/div>\n\t\t\t\t\t\t\t\t\t<p class=\"qodef-e-time\">08:00 \u2013 20:00<\/p>\n\t\t\t\t\t\t\t<\/div>\n\t\t\t\t\t\t\t\t\n\t\t\t<div class=\"qodef-working-hours-item qodef-e\">\n\t\t\t\t\t\t\t\t\t<p class=\"qodef-e-day\">Wednesday:\n\t\t\t\t\t\t\t\t\t\t\t<\/p>\n\t\t\t\t\t\t\t\t<div class=\"qodef-e-line\"><\/div>\n\t\t\t\t\t\t\t\t\t<p class=\"qodef-e-time\">08:00 \u2013 20:00<\/p>\n\t\t\t\t\t\t\t<\/div>\n\t\t\t\t\t\t\t\t\n\t\t\t<div class=\"qodef-working-hours-item qodef-e\">\n\t\t\t\t\t\t\t\t\t<p class=\"qodef-e-day\">Thursday:\n\t\t\t\t\t\t\t\t\t\t\t<\/p>\n\t\t\t\t\t\t\t\t<div class=\"qodef-e-line\"><\/div>\n\t\t\t\t\t\t\t\t\t<p class=\"qodef-e-time\">08:00 \u2013 20:00<\/p>\n\t\t\t\t\t\t\t<\/div>\n\t\t\t\t\t\t\t\t\n\t\t\t<div class=\"qodef-working-hours-item qodef-e\">\n\t\t\t\t\t\t\t\t\t<p class=\"qodef-e-day\">Friday:\n\t\t\t\t\t\t\t\t\t\t\t<\/p>\n\t\t\t\t\t\t\t\t<div class=\"qodef-e-line\"><\/div>\n\t\t\t\t\t\t\t\t\t<p class=\"qodef-e-time\">08:00 \u2013 20:00<\/p>\n\t\t\t\t\t\t\t<\/div>\n\t\t\t\t\t\t\t\t\n\t\t\t<div class=\"qodef-working-hours-item qodef-e\">\n\t\t\t\t\t\t\t\t\t<p class=\"qodef-e-day\">Saturday:\n\t\t\t\t\t\t\t\t\t\t\t<\/p>\n\t\t\t\t\t\t\t\t<div class=\"qodef-e-line\"><\/div>\n\t\t\t\t\t\t\t\t\t<p class=\"qodef-e-time\">10:00 \u2013 18:00<\/p>\n\t\t\t\t\t\t\t<\/div>\n\t\t\t\t\t\t\t\t\n\t\t\t<div class=\"qodef-working-hours-item qodef-e\">\n\t\t\t\t\t\t\t\t\t<p class=\"qodef-e-day\">Sunday:\n\t\t\t\t\t\t\t\t\t\t\t<\/p>\n\t\t\t\t\t\t\t\t<div class=\"qodef-e-line\"><\/div>\n\t\t\t\t\t\t\t\t\t<p class=\"qodef-e-time\">Etter avtale<\/p>\n\t\t\t\t\t\t\t<\/div>\n\t\t\t\t\n\t<\/div>\n\t\t<\/div>\n\t\t\t\t<\/div>\n\t\t\t\t\t<\/div>\n\t\t<\/div>\n\t\t\t\t\t<\/div>\n\t\t<\/section>\n\t\t\t\t\t<\/div>\n\t\t<\/div>\n\t\t\t\t\t<\/div>\n\t\t<\/section>\n\t\t\t\t\t<\/div>\n\t\t<\/div>\n\t\t\t\t\t<\/div>\n\t\t<\/section>\n\t\t\t\t<section class=\"elementor-section elementor-top-section elementor-element elementor-element-ad835fe elementor-section-full_width elementor-section-height-default elementor-section-height-default\" data-id=\"ad835fe\" data-element_type=\"section\">\n\t\t\t\t\t\t<div class=\"elementor-container elementor-column-gap-default\">\n\t\t\t\t\t<div class=\"elementor-column elementor-col-50 elementor-top-column elementor-element elementor-element-6269400\" data-id=\"6269400\" data-element_type=\"column\" data-settings=\"{&quot;background_background&quot;:&quot;classic&quot;}\">\n\t\t\t<div class=\"elementor-widget-wrap elementor-element-populated\">\n\t\t\t\t\t\t<div class=\"elementor-element elementor-element-6048da3 elementor-widget elementor-widget-text-editor\" data-id=\"6048da3\" data-element_type=\"widget\" data-widget_type=\"text-editor.default\">\n\t\t\t\t<div class=\"elementor-widget-container\">\n\t\t\t\t\t\t\t<h3 style=\"text-align: center;\"><span style=\"color: #ffffff;\">&#8220;Vi kan ikke forandre andre mennesker. Men vi kan forandre oss selv. Og det vil p\u00e5virke andre.&#8221;<\/span><\/h3>\n\t\t\t\t\t\t<\/div>\n\t\t\t\t<\/div>\n\t\t\t\t<div class=\"elementor-element elementor-element-b082ff6 elementor-widget elementor-widget-text-editor\" data-id=\"b082ff6\" data-element_type=\"widget\" data-widget_type=\"text-editor.default\">\n\t\t\t\t<div class=\"elementor-widget-container\">\n\t\t\t\t\t\t\t<h6 style=\"text-align: center;\">Loren Evans<\/h6>\n\t\t\t\t\t\t<\/div>\n\t\t\t\t<\/div>\n\t\t\t\t\t<\/div>\n\t\t<\/div>\n\t\t\t\t<div class=\"elementor-column elementor-col-50 elementor-top-column elementor-element elementor-element-e4bc97c\" data-id=\"e4bc97c\" data-element_type=\"column\" data-settings=\"{&quot;background_background&quot;:&quot;classic&quot;}\">\n\t\t\t<div class=\"elementor-widget-wrap elementor-element-populated\">\n\t\t\t\t\t\t<div class=\"elementor-element elementor-element-30a4439 elementor-widget elementor-widget-wellmont_core_separator\" data-id=\"30a4439\" data-element_type=\"widget\" data-widget_type=\"wellmont_core_separator.default\">\n\t\t\t\t<div class=\"elementor-widget-container\">\n\t\t\t<div class=\"qodef-shortcode qodef-m  qodef-separator clear   \">\n\t<div class=\"qodef-m-line\" style=\"border-color: #02010100;margin-top: 100px;margin-bottom: 100px\"><\/div>\n<\/div>\n\t\t<\/div>\n\t\t\t\t<\/div>\n\t\t\t\t\t<\/div>\n\t\t<\/div>\n\t\t\t\t\t<\/div>\n\t\t<\/section>\n\t\t\t\t<section class=\"elementor-section elementor-top-section elementor-element elementor-element-91f3680 elementor-section-full_width qodef-elementor-content-grid elementor-section-height-default elementor-section-height-default\" data-id=\"91f3680\" data-element_type=\"section\">\n\t\t\t\t\t\t<div class=\"elementor-container elementor-column-gap-default\">\n\t\t\t\t\t<div class=\"elementor-column elementor-col-100 elementor-top-column elementor-element elementor-element-0fa09ef\" data-id=\"0fa09ef\" data-element_type=\"column\">\n\t\t\t<div class=\"elementor-widget-wrap\">\n\t\t\t\t\t\t\t<\/div>\n\t\t<\/div>\n\t\t\t\t\t<\/div>\n\t\t<\/section>\n\t\t\t\t<section class=\"elementor-section elementor-top-section elementor-element elementor-element-b29b223 elementor-section-full_width elementor-section-height-default elementor-section-height-default\" data-id=\"b29b223\" data-element_type=\"section\" data-settings=\"{&quot;background_background&quot;:&quot;classic&quot;}\">\n\t\t\t\t\t\t<div class=\"elementor-container elementor-column-gap-default\">\n\t\t\t\t\t<div class=\"elementor-column elementor-col-100 elementor-top-column elementor-element elementor-element-1c8283e\" data-id=\"1c8283e\" data-element_type=\"column\">\n\t\t\t<div class=\"elementor-widget-wrap elementor-element-populated\">\n\t\t\t\t\t\t<section class=\"elementor-section elementor-inner-section elementor-element elementor-element-7aac68d elementor-section-full_width elementor-section-height-default elementor-section-height-default\" data-id=\"7aac68d\" data-element_type=\"section\" data-settings=\"{&quot;background_background&quot;:&quot;classic&quot;}\">\n\t\t\t\t\t\t<div class=\"elementor-container elementor-column-gap-default\">\n\t\t\t\t\t<div class=\"elementor-column elementor-col-100 elementor-inner-column elementor-element elementor-element-edf7e95\" data-id=\"edf7e95\" data-element_type=\"column\">\n\t\t\t<div class=\"elementor-widget-wrap elementor-element-populated\">\n\t\t\t\t\t\t<div class=\"elementor-element elementor-element-56b7ef0 elementor-widget elementor-widget-text-editor\" data-id=\"56b7ef0\" data-element_type=\"widget\" data-widget_type=\"text-editor.default\">\n\t\t\t\t<div class=\"elementor-widget-container\">\n\t\t\t\t\t\t\t<p style=\"text-align: center;\"><span style=\"color: #ffffff;\">Ta vare p\u00e5 andre\u00a0 er n\u00f8dvendig for et fullverdig liv<\/span><\/p>\t\t\t\t\t\t<\/div>\n\t\t\t\t<\/div>\n\t\t\t\t<div class=\"elementor-element elementor-element-f52f94d elementor-widget__width-auto elementor-widget elementor-widget-wellmont_core_button\" data-id=\"f52f94d\" data-element_type=\"widget\" data-widget_type=\"wellmont_core_button.default\">\n\t\t\t\t<div class=\"elementor-widget-container\">\n\t\t\t<a class=\"qodef-shortcode qodef-m  qodef-button qodef-layout--filled  qodef-html--link\" href=\"#\" target=\"_self\" data-hover-color=\"#FFFFFF\" data-hover-background-color=\"#02010100\" data-hover-border-color=\"#FFFFFF\" style=\"color: #0B0449;background-color: #FFFFFF;border-color: #FFFFFF\">\n\t<span class=\"qodef-m-text\">Ta Kontakt<\/span>\n<\/a>\n\t\t<\/div>\n\t\t\t\t<\/div>\n\t\t\t\t\t<\/div>\n\t\t<\/div>\n\t\t\t\t\t<\/div>\n\t\t<\/section>\n\t\t\t\t\t<\/div>\n\t\t<\/div>\n\t\t\t\t\t<\/div>\n\t\t<\/section>\n\t\t\t\t<\/div>\n\t\t","protected":false},"excerpt":{"rendered":"<p>Tjenester Vedtak og Anbud Det \u00e5 utforme et anbud kan v\u00e6re en tidkrevende prosess som krever spisskompetanse for \u00e5 kvalifisere inn i en anbudsprosess. Vi har erfaring med utforming av anbud for private akt\u00f8rer inn i anbudkonkurranser for offentlig anskaffelse innen barnevern og helsesektoren. Vi tilbyr bistand med utforming av b\u00e5de anbudsprosesser og vedtaks utforming. [&hellip;]<\/p>\n","protected":false},"author":1,"featured_media":6166,"parent":0,"menu_order":0,"comment_status":"closed","ping_status":"closed","template":"page-full-width.php","meta":{"footnotes":""},"class_list":["post-6211","page","type-page","status-publish","has-post-thumbnail","hentry"],"_links":{"self":[{"href":"https:\/\/ny.concilium.no\/index.php\/wp-json\/wp\/v2\/pages\/6211","targetHints":{"allow":["GET"]}}],"collection":[{"href":"https:\/\/ny.concilium.no\/index.php\/wp-json\/wp\/v2\/pages"}],"about":[{"href":"https:\/\/ny.concilium.no\/index.php\/wp-json\/wp\/v2\/types\/page"}],"author":[{"embeddable":true,"href":"https:\/\/ny.concilium.no\/index.php\/wp-json\/wp\/v2\/users\/1"}],"replies":[{"embeddable":true,"href":"https:\/\/ny.concilium.no\/index.php\/wp-json\/wp\/v2\/comments?post=6211"}],"version-history":[{"count":34,"href":"https:\/\/ny.concilium.no\/index.php\/wp-json\/wp\/v2\/pages\/6211\/revisions"}],"predecessor-version":[{"id":6872,"href":"https:\/\/ny.concilium.no\/index.php\/wp-json\/wp\/v2\/pages\/6211\/revisions\/6872"}],"wp:featuredmedia":[{"embeddable":true,"href":"https:\/\/ny.concilium.no\/index.php\/wp-json\/wp\/v2\/media\/6166"}],"wp:attachment":[{"href":"https:\/\/ny.concilium.no\/index.php\/wp-json\/wp\/v2\/media?parent=6211"}],"curies":[{"name":"wp","href":"https:\/\/api.w.org\/{rel}","templated":true}]}}