{"id":6206,"date":"2022-11-08T22:32:44","date_gmt":"2022-11-08T22:32:44","guid":{"rendered":"https:\/\/ny.concilium.no\/index.php\/vart-team\/"},"modified":"2024-12-11T12:35:31","modified_gmt":"2024-12-11T12:35:31","slug":"vart-team","status":"publish","type":"page","link":"https:\/\/ny.concilium.no\/index.php\/vart-team\/","title":{"rendered":"V\u00e5rt team"},"content":{"rendered":"\t\t<div data-elementor-type=\"wp-page\" data-elementor-id=\"6206\" class=\"elementor elementor-6206\">\n\t\t\t\t\t\t<section class=\"elementor-section elementor-top-section elementor-element elementor-element-cf9044d elementor-section-full_width elementor-section-height-default elementor-section-height-default\" data-id=\"cf9044d\" data-element_type=\"section\">\n\t\t\t\t\t\t<div class=\"elementor-container elementor-column-gap-default\">\n\t\t\t\t\t<div class=\"elementor-column elementor-col-100 elementor-top-column elementor-element elementor-element-c356ec5\" data-id=\"c356ec5\" data-element_type=\"column\">\n\t\t\t<div class=\"elementor-widget-wrap elementor-element-populated\">\n\t\t\t\t\t\t<div class=\"elementor-element elementor-element-097b480 elementor-widget__width-initial elementor-widget elementor-widget-wellmont_core_section_title\" data-id=\"097b480\" data-element_type=\"widget\" data-widget_type=\"wellmont_core_section_title.default\">\n\t\t\t\t<div class=\"elementor-widget-container\">\n\t\t\t<div class=\"qodef-shortcode qodef-m  qodef-section-title qodef-alignment--center \">\n\t\t<div class=\"qodef-m-supertitle\" >\n\t\t<h6 class=\"qodef-m-supertitle-text\">Dette er oss<\/h6>\n\t<\/div>\n\t\t<h1 class=\"qodef-m-title\" >\n\t\t\t\t\tTeam av profesjonelle\t\t\t<\/h1>\n\t\t<\/div>\n\t\t<\/div>\n\t\t\t\t<\/div>\n\t\t\t\t\t<\/div>\n\t\t<\/div>\n\t\t\t\t\t<\/div>\n\t\t<\/section>\n\t\t\t\t<section class=\"elementor-section elementor-top-section elementor-element elementor-element-01234da elementor-section-full_width qodef-elementor-content-grid elementor-section-height-default elementor-section-height-default\" data-id=\"01234da\" data-element_type=\"section\" data-settings=\"{&quot;background_background&quot;:&quot;classic&quot;}\">\n\t\t\t\t\t\t<div class=\"elementor-container elementor-column-gap-default\">\n\t\t\t\t\t<div class=\"elementor-column elementor-col-100 elementor-top-column elementor-element elementor-element-ca2b100\" data-id=\"ca2b100\" data-element_type=\"column\">\n\t\t\t<div class=\"elementor-widget-wrap elementor-element-populated\">\n\t\t\t\t\t\t<div class=\"elementor-element elementor-element-1ef44ba elementor-widget elementor-widget-wellmont_core_team_list\" data-id=\"1ef44ba\" data-element_type=\"widget\" data-widget_type=\"wellmont_core_team_list.default\">\n\t\t\t\t<div class=\"elementor-widget-container\">\n\t\t\t<div class=\"qodef-shortcode qodef-m  qodef-team-list qodef-item-layout--info-below qodef-grid qodef-layout--columns  qodef-gutter--huge qodef-col-num--3 qodef-item-layout--info-below qodef-pagination--off qodef-responsive--custom qodef-col-num--1440--3 qodef-col-num--1366--3 qodef-col-num--1024--3 qodef-col-num--768--1 qodef-col-num--680--1 qodef-col-num--480--1\" data-options=\"{&quot;plugin&quot;:&quot;wellmont_core&quot;,&quot;module&quot;:&quot;post-types\\\/team\\\/shortcodes&quot;,&quot;shortcode&quot;:&quot;team-list&quot;,&quot;post_type&quot;:&quot;team&quot;,&quot;next_page&quot;:&quot;2&quot;,&quot;max_pages_num&quot;:1,&quot;behavior&quot;:&quot;columns&quot;,&quot;images_proportion&quot;:&quot;medium&quot;,&quot;columns&quot;:&quot;3&quot;,&quot;columns_responsive&quot;:&quot;custom&quot;,&quot;columns_1440&quot;:&quot;3&quot;,&quot;columns_1366&quot;:&quot;3&quot;,&quot;columns_1024&quot;:&quot;3&quot;,&quot;columns_768&quot;:&quot;1&quot;,&quot;columns_680&quot;:&quot;1&quot;,&quot;columns_480&quot;:&quot;1&quot;,&quot;space&quot;:&quot;huge&quot;,&quot;posts_per_page&quot;:&quot;6&quot;,&quot;orderby&quot;:&quot;date&quot;,&quot;order&quot;:&quot;ASC&quot;,&quot;additional_params&quot;:&quot;tax&quot;,&quot;tax&quot;:&quot;team-category&quot;,&quot;layout&quot;:&quot;info-below&quot;,&quot;title_tag&quot;:&quot;h4&quot;,&quot;pagination_type&quot;:&quot;no-pagination&quot;,&quot;object_class_name&quot;:&quot;WellmontCore_Team_List_Shortcode&quot;,&quot;taxonomy_filter&quot;:&quot;team-category&quot;,&quot;item_classes&quot;:&quot;qodef-e qodef-grid-item &quot;,&quot;has_single&quot;:true,&quot;space_value&quot;:40}\">\n\t\t<div class=\"qodef-grid-inner\">\n\t\t<div class=\"qodef-e qodef-grid-item  post-1120 team type-team status-publish has-post-thumbnail hentry team-category-team-01\">\n\t<div class=\"qodef-e-inner\">\n\t\t<div class=\"qodef-e-image\">\n\t\t\t\t<div class=\"qodef-e-media-image\">\n\t\t\t\t\t<a itemprop=\"url\" href=\"https:\/\/ny.concilium.no\/index.php\/team\/kristinemk\/\">\n\t\t\t\t\t<img fetchpriority=\"high\" decoding=\"async\" width=\"300\" height=\"300\" src=\"https:\/\/ny.concilium.no\/wp-content\/uploads\/2024\/09\/WhatsApp-Image-2024-03-12-at-23.34.30-e1726177869113-300x300.jpeg\" class=\"attachment-medium size-medium wp-post-image\" alt=\"\" srcset=\"https:\/\/ny.concilium.no\/wp-content\/uploads\/2024\/09\/WhatsApp-Image-2024-03-12-at-23.34.30-e1726177869113-300x300.jpeg 300w, https:\/\/ny.concilium.no\/wp-content\/uploads\/2024\/09\/WhatsApp-Image-2024-03-12-at-23.34.30-e1726177869113-1024x1024.jpeg 1024w, https:\/\/ny.concilium.no\/wp-content\/uploads\/2024\/09\/WhatsApp-Image-2024-03-12-at-23.34.30-e1726177869113-150x150.jpeg 150w, https:\/\/ny.concilium.no\/wp-content\/uploads\/2024\/09\/WhatsApp-Image-2024-03-12-at-23.34.30-e1726177869113-768x768.jpeg 768w, https:\/\/ny.concilium.no\/wp-content\/uploads\/2024\/09\/WhatsApp-Image-2024-03-12-at-23.34.30-e1726177869113-650x650.jpeg 650w, https:\/\/ny.concilium.no\/wp-content\/uploads\/2024\/09\/WhatsApp-Image-2024-03-12-at-23.34.30-e1726177869113.jpeg 1200w\" sizes=\"(max-width: 300px) 100vw, 300px\" \/>\t\t\t\t\t<\/a>\n\t\t\t<\/div>\n\t\t\t\t\t\t\t<div class=\"qodef-e-content-inner\">\n\t\t\t\t\t\t<div class=\"qodef-team-member-social-icons\">\n\t\t\t\t\t\t\t<a class=\"qodef-team-member-social-icon\" href=\"https:\/\/www.instagram.com\/kristineknausgard\/\" target=\"_blank\">\n\t\t\t\t\t\t<span class=\"qodef-icon-font-awesome fab fa-instagram\" ><\/span>\t\t\t\t\t<\/a>\n\t\t\t\t\t\t\t\t\t\t\t\t\t\t<a class=\"qodef-team-member-social-icon\" href=\"https:\/\/www.facebook.com\/kristine.knausgard\" target=\"_blank\">\n\t\t\t\t\t\t<span class=\"qodef-icon-font-awesome fab fa-facebook-f\" ><\/span>\t\t\t\t\t<\/a>\n\t\t\t\t\t\t\t\t\t\t<\/div>\n\t\t\t\t<\/div>\n\t\t\t\t\t<\/div>\n\t\t<div class=\"qodef-e-content\" >\n\t\t\t<h4 itemprop=\"name\" class=\"qodef-e-title entry-title\" >\n\t\t\t<a itemprop=\"url\" class=\"qodef-e-title-link\" href=\"https:\/\/ny.concilium.no\/index.php\/team\/kristinemk\/\">\n\t\t\tKristine Myrseth Knausg\u00e5rd\t\t\t<\/a>\n\t<\/h4>\n\t\t\t\t<p class=\"qodef-e-role\">Samtaleterapaut<\/p>\n\t\t<\/div>\n\t<\/div>\n<\/div>\n<div class=\"qodef-e qodef-grid-item  post-6651 team type-team status-publish has-post-thumbnail hentry\">\n\t<div class=\"qodef-e-inner\">\n\t\t<div class=\"qodef-e-image\">\n\t\t\t\t<div class=\"qodef-e-media-image\">\n\t\t\t\t\t<a itemprop=\"url\" href=\"https:\/\/ny.concilium.no\/index.php\/team\/steven-andreas-hill\/\">\n\t\t\t\t\t<img decoding=\"async\" width=\"247\" height=\"300\" src=\"https:\/\/ny.concilium.no\/wp-content\/uploads\/2024\/12\/Screenshot-2024-12-10-at-18.00.55-247x300.png\" class=\"attachment-medium size-medium wp-post-image\" alt=\"\" srcset=\"https:\/\/ny.concilium.no\/wp-content\/uploads\/2024\/12\/Screenshot-2024-12-10-at-18.00.55-247x300.png 247w, https:\/\/ny.concilium.no\/wp-content\/uploads\/2024\/12\/Screenshot-2024-12-10-at-18.00.55-842x1024.png 842w, https:\/\/ny.concilium.no\/wp-content\/uploads\/2024\/12\/Screenshot-2024-12-10-at-18.00.55-768x934.png 768w, https:\/\/ny.concilium.no\/wp-content\/uploads\/2024\/12\/Screenshot-2024-12-10-at-18.00.55-1263x1536.png 1263w, https:\/\/ny.concilium.no\/wp-content\/uploads\/2024\/12\/Screenshot-2024-12-10-at-18.00.55.png 1656w\" sizes=\"(max-width: 247px) 100vw, 247px\" \/>\t\t\t\t\t<\/a>\n\t\t\t<\/div>\n\t\t\t\t\t<\/div>\n\t\t<div class=\"qodef-e-content\" >\n\t\t\t<h4 itemprop=\"name\" class=\"qodef-e-title entry-title\" >\n\t\t\t<a itemprop=\"url\" class=\"qodef-e-title-link\" href=\"https:\/\/ny.concilium.no\/index.php\/team\/steven-andreas-hill\/\">\n\t\t\tSteven Andreas Hill\t\t\t<\/a>\n\t<\/h4>\n\t\t\t\t<p class=\"qodef-e-role\">Fagleder og kognitiv terapeut<\/p>\n\t\t<\/div>\n\t<\/div>\n<\/div>\n<div class=\"qodef-e qodef-grid-item  post-6659 team type-team status-publish has-post-thumbnail hentry\">\n\t<div class=\"qodef-e-inner\">\n\t\t<div class=\"qodef-e-image\">\n\t\t\t\t<div class=\"qodef-e-media-image\">\n\t\t\t\t\t<a itemprop=\"url\" href=\"https:\/\/ny.concilium.no\/index.php\/team\/njal-myrseth-knausgard\/\">\n\t\t\t\t\t<img decoding=\"async\" width=\"236\" height=\"300\" src=\"https:\/\/ny.concilium.no\/wp-content\/uploads\/2024\/09\/Picture1-236x300.png\" class=\"attachment-medium size-medium wp-post-image\" alt=\"\" \/>\t\t\t\t\t<\/a>\n\t\t\t<\/div>\n\t\t\t\t\t<\/div>\n\t\t<div class=\"qodef-e-content\" >\n\t\t\t<h4 itemprop=\"name\" class=\"qodef-e-title entry-title\" >\n\t\t\t<a itemprop=\"url\" class=\"qodef-e-title-link\" href=\"https:\/\/ny.concilium.no\/index.php\/team\/njal-myrseth-knausgard\/\">\n\t\t\tNj\u00e5l Myrseth Knausg\u00e5rd\t\t\t<\/a>\n\t<\/h4>\n\t\t\t\t<p class=\"qodef-e-role\">Daglig leder og fagveileder<\/p>\n\t\t<\/div>\n\t<\/div>\n<\/div>\n\t<\/div>\n\t<\/div>\n\t\t<\/div>\n\t\t\t\t<\/div>\n\t\t\t\t\t<\/div>\n\t\t<\/div>\n\t\t\t\t\t<\/div>\n\t\t<\/section>\n\t\t\t\t<section class=\"elementor-section elementor-top-section elementor-element elementor-element-9515ae0 elementor-section-full_width elementor-section-height-default elementor-section-height-default\" data-id=\"9515ae0\" data-element_type=\"section\" data-settings=\"{&quot;background_background&quot;:&quot;classic&quot;}\">\n\t\t\t\t\t\t<div class=\"elementor-container elementor-column-gap-default\">\n\t\t\t\t\t<div class=\"elementor-column elementor-col-100 elementor-top-column elementor-element elementor-element-e9f19ed\" data-id=\"e9f19ed\" data-element_type=\"column\">\n\t\t\t<div class=\"elementor-widget-wrap elementor-element-populated\">\n\t\t\t\t\t\t<div class=\"elementor-element elementor-element-14a872d elementor-widget elementor-widget-wellmont_core_clients_list\" data-id=\"14a872d\" data-element_type=\"widget\" data-widget_type=\"wellmont_core_clients_list.default\">\n\t\t\t\t<div class=\"elementor-widget-container\">\n\t\t\t<div class=\"qodef-shortcode qodef-m  qodef-clients-list qodef-grid qodef-swiper-container  qodef-gutter--no qodef-col-num--7 qodef-item-layout--image-only qodef-responsive--custom qodef-col-num--1440--7 qodef-col-num--1366--7 qodef-col-num--1024--5 qodef-col-num--768--3 qodef-col-num--680--1 qodef-col-num--480--1 qodef-hover-animation--fade-in\"  data-options=\"{&quot;slidesPerView&quot;:&quot;7&quot;,&quot;spaceBetween&quot;:0,&quot;loop&quot;:true,&quot;autoplay&quot;:true,&quot;speed&quot;:&quot;&quot;,&quot;speedAnimation&quot;:&quot;&quot;,&quot;slideAnimation&quot;:&quot;&quot;,&quot;direction&quot;:&quot;&quot;,&quot;centeredSlides&quot;:&quot;&quot;,&quot;sliderScroll&quot;:&quot;&quot;,&quot;loopAdditionalSlides&quot;:&quot;&quot;,&quot;customStages&quot;:true,&quot;slidesPerView1440&quot;:&quot;7&quot;,&quot;slidesPerView1366&quot;:&quot;7&quot;,&quot;slidesPerView1024&quot;:&quot;5&quot;,&quot;slidesPerView768&quot;:&quot;3&quot;,&quot;slidesPerView680&quot;:&quot;1&quot;,&quot;slidesPerView480&quot;:&quot;1&quot;}\">\n\t<div class=\"swiper-wrapper\">\n\t\t<p class=\"qodef-m-posts-not-found qodef-grid-item\">No posts were found for provided query parameters.<\/p>\n\t<\/div>\n\t\t<\/div>\n\t\t<\/div>\n\t\t\t\t<\/div>\n\t\t\t\t\t<\/div>\n\t\t<\/div>\n\t\t\t\t\t<\/div>\n\t\t<\/section>\n\t\t\t\t<\/div>\n\t\t","protected":false},"excerpt":{"rendered":"<p>Dette er oss Team av profesjonelle Kristine Myrseth Knausg\u00e5rd Samtaleterapaut Steven Andreas Hill Faglig ansvarlig Nj\u00e5l Myrseth Knausg\u00e5rd No posts were found for provided query parameters.<\/p>\n","protected":false},"author":1,"featured_media":0,"parent":0,"menu_order":0,"comment_status":"closed","ping_status":"closed","template":"page-full-width.php","meta":{"footnotes":""},"class_list":["post-6206","page","type-page","status-publish","hentry"],"_links":{"self":[{"href":"https:\/\/ny.concilium.no\/index.php\/wp-json\/wp\/v2\/pages\/6206","targetHints":{"allow":["GET"]}}],"collection":[{"href":"https:\/\/ny.concilium.no\/index.php\/wp-json\/wp\/v2\/pages"}],"about":[{"href":"https:\/\/ny.concilium.no\/index.php\/wp-json\/wp\/v2\/types\/page"}],"author":[{"embeddable":true,"href":"https:\/\/ny.concilium.no\/index.php\/wp-json\/wp\/v2\/users\/1"}],"replies":[{"embeddable":true,"href":"https:\/\/ny.concilium.no\/index.php\/wp-json\/wp\/v2\/comments?post=6206"}],"version-history":[{"count":7,"href":"https:\/\/ny.concilium.no\/index.php\/wp-json\/wp\/v2\/pages\/6206\/revisions"}],"predecessor-version":[{"id":6716,"href":"https:\/\/ny.concilium.no\/index.php\/wp-json\/wp\/v2\/pages\/6206\/revisions\/6716"}],"wp:attachment":[{"href":"https:\/\/ny.concilium.no\/index.php\/wp-json\/wp\/v2\/media?parent=6206"}],"curies":[{"name":"wp","href":"https:\/\/api.w.org\/{rel}","templated":true}]}}